{"id":2919,"date":"2020-08-10T03:44:04","date_gmt":"2020-08-10T03:44:04","guid":{"rendered":"https:\/\/ipvc.com.vn\/en\/?page_id=2919"},"modified":"2020-08-10T03:44:04","modified_gmt":"2020-08-10T03:44:04","slug":"contact-us","status":"publish","type":"page","link":"https:\/\/ipvc.com.vn\/en\/index.php\/contact-us\/","title":{"rendered":"Contact us"},"content":{"rendered":"<div id=\"tdi_1\" class=\"tdc-row\"><div class=\"vc_row tdi_2  wpb_row td-pb-row\" >\n<style scoped>\n\/* custom css - generated by TagDiv Composer *\/\n\n\/* custom css - generated by TagDiv Composer *\/\n.tdi_2,\r\n                .tdi_2 .tdc-columns{\r\n                    min-height: 0;\r\n                }.tdi_2,\r\n\t\t\t\t.tdi_2 .tdc-columns{\r\n\t\t\t\t    display: block;\r\n\t\t\t\t}.tdi_2 .tdc-columns{\r\n\t\t\t\t    width: 100%;\r\n\t\t\t\t}.tdi_2:before,\r\n\t\t\t\t.tdi_2:after{\r\n\t\t\t\t    display: table;\r\n\t\t\t\t}\n<\/style><div class=\"vc_column tdi_4  wpb_column vc_column_container tdc-column td-pb-span12\">\n<style scoped>\n\/* custom css - generated by TagDiv Composer *\/\n\n\/* custom css - generated by TagDiv Composer *\/\n.tdi_4{\r\n                    vertical-align: baseline;\r\n                }.tdi_4 > .wpb_wrapper,\r\n\t\t\t\t.tdi_4 > .wpb_wrapper > .tdc-elements{\r\n\t\t\t\t    display: block;\r\n\t\t\t\t}.tdi_4 > .wpb_wrapper > .tdc-elements{\r\n\t\t\t\t    width: 100%;\r\n\t\t\t\t}.tdi_4 > .wpb_wrapper > .vc_row_inner{\r\n\t\t\t\t    width: auto;\r\n\t\t\t\t}.tdi_4 > .wpb_wrapper{\r\n\t\t\t\t    width: auto;\r\n\t\t\t\t    height: auto;\r\n\t\t\t\t}\n<\/style><div class=\"wpb_wrapper\" >[vc_gmaps link=&#8221;#E-8_JTNDaWZyYW1lJTIwc3JjJTNEJTIyaHR0cHMlM0ElMkYlMkZ3d3cuZ29vZ2xlLmNvbSUyRm1hcHMlMkZlbWJlZCUzRnBiJTNEJTIxMW0xOCUyMTFtMTIlMjExbTMlMjExZDIyMTQuNjc2ODQxNzg0MDczJTIxMmQxMDUuODQ1NjkwNDg4NzI0ODclMjEzZDIxLjAwNzU1ODQ2MjcwNzU1NyUyMTJtMyUyMTFmMCUyMTJmMCUyMTNmMCUyMTNtMiUyMTFpMTAyNCUyMTJpNzY4JTIxNGYxMy4xJTIxM20zJTIxMW0yJTIxMXMweDMxMzVhYjhhMjAzMDdmM2QlMjUzQTB4NGI5ZTY3MzJiN2UwN2FlOSUyMTJ6VG1mRHRTQTJNeUJXdzZKdUlFamh1NU1zSUV6RHFpREVrT0c2b1drZ1NNT2dibWdzSUVoaGFTQkN3NkFnVkhMR3NHNW5MQ0JJdzZBZ1R1RzdtV2tzSUZacFpYUnVZVzAlMjE1ZTAlMjEzbTIlMjExc2VuJTIxMnMlMjE0djE0Nzk5ODU1MDI0ODYlMjIlMjB3aWR0aCUzRCUyMjYwMCUyMiUyMGhlaWdodCUzRCUyMjQ1MCUyMiUyMGZyYW1lYm9yZGVyJTNEJTIyMCUyMiUyMHN0eWxlJTNEJTIyYm9yZGVyJTNBMCUyMiUyMGFsbG93ZnVsbHNjcmVlbiUzRSUzQyUyRmlmcmFtZSUzRQ==&#8221;]<div class=\"wpb_wrapper wpb_text_column td_block_wrap td_block_wrap vc_column_text tdi_5  tagdiv-type td-pb-border-top td_block_template_1\"  data-td-block-uid=\"tdi_5\" >\n<style>\n\/* custom css - generated by TagDiv Composer *\/\n.vc_column_text > .td-element-style{\r\n\t\t\t\t\tz-index: -1;\r\n\t\t\t\t}\n<\/style><div class=\"td-fix-index\"><p>Ch\u00fang t\u00f4i lu\u00f4n mong mu\u1ed1n \u0111\u01b0\u1ee3c l\u1eafng nghe t\u1eeb qu\u00fd kh\u00e1ch. Xin vui l\u00f2ng li\u00ean h\u1ec7 theo th\u00f4ng tin d\u01b0\u1edbi \u0111\u00e2y ho\u1eb7c \u0111i\u1ec1n v\u00e0o nh\u1eefng th\u00f4ng tin c\u1ea7n thi\u1ebft ph\u00eda d\u01b0\u1edbi. C\u00f4ng ty TNHH IPVC\u00a0 s\u1ebd li\u00ean h\u1ec7 l\u1ea1i ngay khi nh\u1eadn \u0111\u01b0\u1ee3c y\u00eau c\u1ea7u t\u1eeb ph\u00eda b\u1ea1n.<\/p>\n<ul>\n<li>B\u1ea1n c\u1ea7n m\u1ed9t \u0111\u1ea1i di\u1ec7n s\u1edf h\u1eefu tr\u00ed tu\u1ec7?<\/li>\n<li>B\u1ea1n c\u1ea7n m\u1ed9t Lu\u1eadt S\u01b0 uy t\u00edn, c\u00f3 kinh nghi\u1ec7m?<\/li>\n<li>B\u1ea1n mu\u1ed1n th\u00e0nh l\u1eadp c\u00f4ng ty, v\u0103n ph\u00f2ng \u0111\u1ea1i di\u1ec7n?<\/li>\n<li>B\u1ea1n mu\u1ed1n \u0111\u0103ng k\u00fd b\u1ea3o h\u1ed9 th\u01b0\u01a1ng hi\u1ec7u, nh\u00e3n hi\u1ec7u c\u1ee7a b\u1ea3n th\u00e2n?<\/li>\n<li>B\u1ea1n mu\u1ed1n b\u1ea3o h\u1ed9 th\u01b0\u01a1ng hi\u1ec7u c\u1ee7a b\u1ea1n ra n\u01b0\u1edbc ngo\u00e0i?<\/li>\n<\/ul>\n<\/div><\/div><\/div><\/div><\/div><\/div><div id=\"tdi_6\" class=\"tdc-row\"><div class=\"vc_row tdi_7  wpb_row td-pb-row\" >\n<style scoped>\n\/* custom css - generated by TagDiv Composer *\/\n\n\/* custom css - generated by TagDiv Composer *\/\n.tdi_7,\r\n                .tdi_7 .tdc-columns{\r\n                    min-height: 0;\r\n                }.tdi_7,\r\n\t\t\t\t.tdi_7 .tdc-columns{\r\n\t\t\t\t    display: block;\r\n\t\t\t\t}.tdi_7 .tdc-columns{\r\n\t\t\t\t    width: 100%;\r\n\t\t\t\t}.tdi_7:before,\r\n\t\t\t\t.tdi_7:after{\r\n\t\t\t\t    display: table;\r\n\t\t\t\t}\n<\/style><div class=\"vc_column tdi_9  wpb_column vc_column_container tdc-column td-pb-span6\">\n<style scoped>\n\/* custom css - generated by TagDiv Composer *\/\n\n\/* custom css - generated by TagDiv Composer *\/\n.tdi_9{\r\n                    vertical-align: baseline;\r\n                }.tdi_9 > .wpb_wrapper,\r\n\t\t\t\t.tdi_9 > .wpb_wrapper > .tdc-elements{\r\n\t\t\t\t    display: block;\r\n\t\t\t\t}.tdi_9 > .wpb_wrapper > .tdc-elements{\r\n\t\t\t\t    width: 100%;\r\n\t\t\t\t}.tdi_9 > .wpb_wrapper > .vc_row_inner{\r\n\t\t\t\t    width: auto;\r\n\t\t\t\t}.tdi_9 > .wpb_wrapper{\r\n\t\t\t\t    width: auto;\r\n\t\t\t\t    height: auto;\r\n\t\t\t\t}\n<\/style><div class=\"wpb_wrapper\" >[bs-text title=&#8221;H\u00e0 N\u1ed9i&#8221; show_title=&#8221;1&#8243; icon=&#8221;&#8221; title_link=&#8221;&#8221; heading_color=&#8221;&#8221; heading_style=&#8221;default&#8221; heading_tag=&#8221;h3&#8243; bs-show-desktop=&#8221;1&#8243; bs-show-tablet=&#8221;1&#8243; bs-show-phone=&#8221;1&#8243; bs-text-color-scheme=&#8221;&#8221; css=&#8221;&#8221; custom-css-class=&#8221;&#8221; custom-id=&#8221;&#8221;]<i class=\"fa fa-home\"><\/i> <strong>\u0110\u1ecba ch\u1ec9:<\/strong> S\u1ed1 6A, Ng\u00f5 63, V\u00e2n H\u1ed3 3, Hai B\u00e0 Tr\u01b0ng, H\u00e0 N\u1ed9i.\n<i class=\"fa fa-phone\"><\/i> <strong>Hotline: 096 567 5468<\/strong>\n<i class=\"fa fa-envelope\"><\/i> <strong>Email:<\/strong> contact@ipvc.com.vn[\/bs-text]<\/div><\/div><div class=\"vc_column tdi_11  wpb_column vc_column_container tdc-column td-pb-span6\">\n<style scoped>\n\/* custom css - generated by TagDiv Composer *\/\n\n\/* custom css - generated by TagDiv Composer *\/\n.tdi_11{\r\n                    vertical-align: baseline;\r\n                }.tdi_11 > .wpb_wrapper,\r\n\t\t\t\t.tdi_11 > .wpb_wrapper > .tdc-elements{\r\n\t\t\t\t    display: block;\r\n\t\t\t\t}.tdi_11 > .wpb_wrapper > .tdc-elements{\r\n\t\t\t\t    width: 100%;\r\n\t\t\t\t}.tdi_11 > .wpb_wrapper > .vc_row_inner{\r\n\t\t\t\t    width: auto;\r\n\t\t\t\t}.tdi_11 > .wpb_wrapper{\r\n\t\t\t\t    width: auto;\r\n\t\t\t\t    height: auto;\r\n\t\t\t\t}\n<\/style><div class=\"wpb_wrapper\" >[bs-text title=&#8221;H\u1ed3 Ch\u00ed Minh&#8221; show_title=&#8221;1&#8243; icon=&#8221;&#8221; title_link=&#8221;&#8221; heading_color=&#8221;&#8221; heading_style=&#8221;default&#8221; heading_tag=&#8221;h3&#8243; bs-show-desktop=&#8221;1&#8243; bs-show-tablet=&#8221;1&#8243; bs-show-phone=&#8221;1&#8243; bs-text-color-scheme=&#8221;&#8221; css=&#8221;&#8221; custom-css-class=&#8221;&#8221; custom-id=&#8221;&#8221;]<i class=\"fa fa-home\"><\/i> <strong>\u0110\u1ecba ch\u1ec9:<\/strong>\n<i class=\"fa fa-phone\"><\/i> <strong>Hotline:\u00a0<\/strong>\n<i class=\"fa fa-envelope\"><\/i> <strong>Email:<\/strong> contact@ipvc.com.vn[\/bs-text]<\/div><\/div><\/div><\/div>","protected":false},"excerpt":{"rendered":"","protected":false},"author":1,"featured_media":0,"parent":0,"menu_order":0,"comment_status":"closed","ping_status":"closed","template":"","meta":{"footnotes":""},"class_list":["post-2919","page","type-page","status-publish"],"_links":{"self":[{"href":"https:\/\/ipvc.com.vn\/en\/index.php\/wp-json\/wp\/v2\/pages\/2919","targetHints":{"allow":["GET"]}}],"collection":[{"href":"https:\/\/ipvc.com.vn\/en\/index.php\/wp-json\/wp\/v2\/pages"}],"about":[{"href":"https:\/\/ipvc.com.vn\/en\/index.php\/wp-json\/wp\/v2\/types\/page"}],"author":[{"embeddable":true,"href":"https:\/\/ipvc.com.vn\/en\/index.php\/wp-json\/wp\/v2\/users\/1"}],"replies":[{"embeddable":true,"href":"https:\/\/ipvc.com.vn\/en\/index.php\/wp-json\/wp\/v2\/comments?post=2919"}],"version-history":[{"count":0,"href":"https:\/\/ipvc.com.vn\/en\/index.php\/wp-json\/wp\/v2\/pages\/2919\/revisions"}],"wp:attachment":[{"href":"https:\/\/ipvc.com.vn\/en\/index.php\/wp-json\/wp\/v2\/media?parent=2919"}],"curies":[{"name":"wp","href":"https:\/\/api.w.org\/{rel}","templated":true}]}}